{"id":14542,"date":"2023-06-05T10:16:03","date_gmt":"2023-06-05T14:16:03","guid":{"rendered":"http:\/\/mincomercionacional.gob.ve\/?page_id=14542"},"modified":"2023-06-05T10:26:48","modified_gmt":"2023-06-05T14:26:48","slug":"comision-antidumping-y-sobresubsidios","status":"publish","type":"page","link":"https:\/\/mincomercionacional.gob.ve\/?page_id=14542","title":{"rendered":"Comision Antidumping y SobreSubsidios"},"content":{"rendered":"<p style=\"text-align: justify;\"><strong>Creada a trav\u00e9s de la Ley Sobre Pr\u00e1cticas Desleales del Comercio Internacional en el a\u00f1o 1992, como un organismo desconcentrado adscrito al entonces Ministerio de Fomento (Actualmente al MInComercio Nacional) de Venezuela. La Comisi\u00f3n Antidumping y Sobre Subsidios es un \u00f3rgano colegiado conformado por un Presidente y cuatro vocales con sus respectivos suplentes, los cuales son designados por el Presidente de la Rep\u00fablica en Consejo de Ministros. La Comisi\u00f3n se pronuncia mediante decisiones adoptadas por la mayor\u00eda absoluta de sus miembros, las cuales agotan la v\u00eda administrativa y deben ser publicadas en la Gaceta Oficial de la Rep\u00fablica Bolivariana de Venezuela.<\/strong><\/p>\n<p style=\"text-align: justify;\">\n\t\t<div class=\"one_fourth tie-columns\">\n<figure id=\"attachment_1104\" aria-describedby=\"caption-attachment-1104\" style=\"width: 300px\" class=\"wp-caption alignnone\"><img data-recalc-dims=\"1\" loading=\"lazy\" decoding=\"async\" data-attachment-id=\"1104\" data-permalink=\"https:\/\/mincomercionacional.gob.ve\/?attachment_id=1104\" data-orig-file=\"https:\/\/i0.wp.com\/mincomercionacional.gob.ve\/wp-content\/uploads\/2019\/08\/003cs.png?fit=400%2C400&amp;ssl=1\" data-orig-size=\"400,400\" data-comments-opened=\"0\" data-image-meta=\"{&quot;aperture&quot;:&quot;0&quot;,&quot;credit&quot;:&quot;&quot;,&quot;camera&quot;:&quot;&quot;,&quot;caption&quot;:&quot;&quot;,&quot;created_timestamp&quot;:&quot;0&quot;,&quot;copyright&quot;:&quot;&quot;,&quot;focal_length&quot;:&quot;0&quot;,&quot;iso&quot;:&quot;0&quot;,&quot;shutter_speed&quot;:&quot;0&quot;,&quot;title&quot;:&quot;&quot;,&quot;orientation&quot;:&quot;0&quot;}\" data-image-title=\"CASS\" data-image-description=\"&lt;p&gt;Creada a trav\u00e9s de la Ley Sobre Pr\u00e1cticas Desleales del Comercio Internacional en el a\u00f1o 1992, como un organismo desconcentrado adscrito al entonces Ministerio de Fomento (actual Ministerio de Industria y Comercio) de Venezuela. La Comisi\u00f3n Antidumping y Sobre Subsidios es un \u00f3rgano colegiado conformado por un Presidente y cuatro vocales con sus respectivos suplentes, los cuales son designados por el Presidente de la Rep\u00fablica en Consejo de Ministros. La Comisi\u00f3n se pronuncia mediante decisiones adoptadas por la mayor\u00eda absoluta de sus miembros, las cuales agotan la v\u00eda administrativa y deben ser publicadas en la Gaceta Oficial de la Rep\u00fablica Bolivariana de Venezuela.Creada a trav\u00e9s de la Ley Sobre Pr\u00e1cticas Desleales del Comercio Internacional en el a\u00f1o 1992, como un organismo desconcentrado adscrito al entonces Ministerio de Fomento (actual Ministerio de Industria y Comercio) de Venezuela. La Comisi\u00f3n Antidumping y Sobre Subsidios es un \u00f3rgano colegiado conformado por un Presidente y cuatro vocales con sus respectivos suplentes, los cuales son designados por el Presidente de la Rep\u00fablica en Consejo de Ministros. La Comisi\u00f3n se pronuncia mediante decisiones adoptadas por la mayor\u00eda absoluta de sus miembros, las cuales agotan la v\u00eda administrativa y deben ser publicadas en la Gaceta Oficial de la Rep\u00fablica Bolivariana de Venezuela.&lt;\/p&gt;\n\" data-image-caption=\"&lt;p&gt;CASS&lt;\/p&gt;\n\" data-medium-file=\"https:\/\/i0.wp.com\/mincomercionacional.gob.ve\/wp-content\/uploads\/2019\/08\/003cs.png?fit=300%2C300&amp;ssl=1\" data-large-file=\"https:\/\/i0.wp.com\/mincomercionacional.gob.ve\/wp-content\/uploads\/2019\/08\/003cs.png?fit=400%2C400&amp;ssl=1\" class=\"size-medium wp-image-1104\" src=\"https:\/\/i0.wp.com\/mincomercionacional.gob.ve\/wp-content\/uploads\/2019\/08\/003cs-300x300.png?resize=300%2C300\" alt=\"\" width=\"300\" height=\"300\" \/><figcaption id=\"caption-attachment-1104\" class=\"wp-caption-text\">CASS<\/figcaption><\/figure>\n<p style=\"text-align: justify;\">\n\t\t<\/div>\n\t\n\t\t<div class=\"three_fourth tie-columns last\">\n<p style=\"text-align: justify;\">\n\t\t<div class=\"tabs-shortcode tabs-wrapper container-wrapper tabs-horizontal flex-tabs is-flex-tabs-shortcodes\">\n\n\t\t<ul class=\"tabs\">\n\n\t\t<li>\n\t\t\t<a href=\"#tab-content-1\"> CASS \n\t\t\t<\/a>\n\t\t<\/li>\n\t\n\n\t\t<li>\n\t\t\t<a href=\"#tab-content-2\"> Estrategia \n\t\t\t<\/a>\n\t\t<\/li>\n\t\n\n\t\t<\/ul>\n\t\n\n\t\t<div class=\"tab-content\" id=\"tab-content-1\">\n\t\t\t<div class=\"tab-content-wrap\">\n<p style=\"text-align: justify;\">La <strong>Comisi\u00f3n Antidumping y Sobre Subsidios (CASS)<\/strong>, es un <strong>ente adscrito al Ministerio del Poder Popular de Comercio Nacional<\/strong>, el cual <strong>tiene como misi\u00f3n Velar por la defensa de relaciones de comercio exterior justo e impedir los efectos perjudiciales<\/strong> que pueden ocasionar l<strong>as pr\u00e1cticas desleales del comercio internacional<\/strong> o el <strong>incremento de las importaciones<\/strong> sobre la producci\u00f3n nacional, as\u00ed como <strong>defender a los exportadores afectados por este tipo de procedimientos<\/strong> en el exterior, <strong>contribuyendo al desarrollo del nuevo modelo productivo<\/strong> socialista.<\/p>\n<p style=\"text-align: justify;\">Este organismo fue creado el <strong>18 de junio de 1992, mediante la Ley sobre Pr\u00e1cticas Desleales del Comercio Internacional, publicada en la Gaceta Oficial<\/strong> de la Rep\u00fablica de Venezuela <strong>N\u00b0 4.441.<\/strong><\/p>\n<p style=\"text-align: justify;\"><strong>La CASS realiza las investigaciones relativas a dumping, subvenciones y sustanciaci\u00f3n de las investigaciones sobre salvaguardia<\/strong>, de igual manera, <strong>defiende a los exportadores afectados por estas medidas<\/strong> en los mercados de exportaci\u00f3n.<\/p>\n<p style=\"text-align: justify;\">Cabe considerar, que <strong>el t\u00e9rmino antidumping, se refiere a las medidas que los Estados pueden aplicar sobre las importaciones para eliminar los efectos da\u00f1inos de la practica desleal del comercio internacional conocida como dumping<\/strong>, tambi\u00e9n conocido como<strong> discriminaci\u00f3n desleal de precios.<\/strong><\/p>\n<p style=\"text-align: justify;\">\n\t\t\t<\/div>\n\t\t<\/div>\n\t\n\n\t\t<div class=\"tab-content\" id=\"tab-content-2\">\n\t\t\t<div class=\"tab-content-wrap\">\n<p style=\"text-align: justify;\">De acuerdo con las <strong>disposiciones contenidas en la Ley sobre Pr\u00e1cticas Desleales del Comercio Internacional<\/strong>, la CASS <strong>tiene asignadas las siguientes competencias<\/strong>:<\/p>\n<ul>\n<li style=\"text-align: justify;\">Decidir acerca del inicio, suspensi\u00f3n o conclusi\u00f3n de investigaciones sobre posibles casos de dumping o de subsidios<\/li>\n<li style=\"text-align: justify;\">Imponer, cuando sea el caso, derechos antidumping o compensatorios, provisionales o definitivos.<\/li>\n<\/ul>\n<p style=\"text-align: justify;\">Adem\u00e1s, <strong>ejecuta las medidas necesarias para hacer efectivas las decisiones en la materia<\/strong>, dicta su propio Reglamento Interno y <strong>publica semestralmente un bolet\u00edn donde se incluye las decisiones tomadas<\/strong> en el semestre precedente, con las anotaciones que resulten necesarias para su mejor comprensi\u00f3n.<\/p>\n<p style=\"text-align: justify;\">\n\t\t\t<\/div>\n\t\t<\/div>\n\t\n\n\t\t\t<div class=\"clearfix\"><\/div>\n\t\t<\/div>\n\t\n<p style=\"text-align: justify;\">\n\t\t<\/div>\n\t\t<div class=\"clearfix\"><\/div>\n\t\n<p>&nbsp;<\/p>\n","protected":false},"excerpt":{"rendered":"<p>Creada a trav\u00e9s de la Ley Sobre Pr\u00e1cticas Desleales del Comercio Internacional en el a\u00f1o 1992, como un organismo desconcentrado adscrito al entonces Ministerio de Fomento (Actualmente al MInComercio Nacional) de Venezuela. La Comisi\u00f3n Antidumping y Sobre Subsidios es un \u00f3rgano colegiado conformado por un Presidente y cuatro vocales con sus respectivos suplentes, los cuales &hellip;<\/p>\n","protected":false},"author":12,"featured_media":1104,"parent":0,"menu_order":0,"comment_status":"closed","ping_status":"closed","template":"","meta":{"footnotes":""},"class_list":["post-14542","page","type-page","status-publish","has-post-thumbnail","hentry"],"jetpack_shortlink":"https:\/\/wp.me\/Pbvjg9-3My","_links":{"self":[{"href":"https:\/\/mincomercionacional.gob.ve\/index.php?rest_route=\/wp\/v2\/pages\/14542","targetHints":{"allow":["GET"]}}],"collection":[{"href":"https:\/\/mincomercionacional.gob.ve\/index.php?rest_route=\/wp\/v2\/pages"}],"about":[{"href":"https:\/\/mincomercionacional.gob.ve\/index.php?rest_route=\/wp\/v2\/types\/page"}],"author":[{"embeddable":true,"href":"https:\/\/mincomercionacional.gob.ve\/index.php?rest_route=\/wp\/v2\/users\/12"}],"replies":[{"embeddable":true,"href":"https:\/\/mincomercionacional.gob.ve\/index.php?rest_route=%2Fwp%2Fv2%2Fcomments&post=14542"}],"version-history":[{"count":4,"href":"https:\/\/mincomercionacional.gob.ve\/index.php?rest_route=\/wp\/v2\/pages\/14542\/revisions"}],"predecessor-version":[{"id":14546,"href":"https:\/\/mincomercionacional.gob.ve\/index.php?rest_route=\/wp\/v2\/pages\/14542\/revisions\/14546"}],"wp:featuredmedia":[{"embeddable":true,"href":"https:\/\/mincomercionacional.gob.ve\/index.php?rest_route=\/wp\/v2\/media\/1104"}],"wp:attachment":[{"href":"https:\/\/mincomercionacional.gob.ve\/index.php?rest_route=%2Fwp%2Fv2%2Fmedia&parent=14542"}],"curies":[{"name":"wp","href":"https:\/\/api.w.org\/{rel}","templated":true}]}}